{"id":8,"date":"2016-03-23T16:31:02","date_gmt":"2016-03-23T16:31:02","guid":{"rendered":"https:\/\/www.kgrotgold.de\/wordpress\/?page_id=8"},"modified":"2016-03-23T16:31:02","modified_gmt":"2016-03-23T16:31:02","slug":"die-kg","status":"publish","type":"page","link":"https:\/\/kgrotgold.de\/?page_id=8","title":{"rendered":"Die KG"},"content":{"rendered":"<p>Liebe Karnevalsfreunde,<\/p>\n<p>die Karnevalsgesellschaft Rot-Gold R\u00f6dingen-H\u00f6llen gr\u00fcndete sich im Jahr 1949 aus der Kolpingfamilie in R\u00f6dingen und dem Sportverein R\u00f6dingen-H\u00f6llen. Beide f\u00fchrten bis zu diesem Zeitpunkt eigene kleinere Veranstaltungen zu Karneval durch. 1949 beschloss man dies zum ersten Mal gemeinsam zu gestalten.<\/p>\n<p>Die Farben ergaben sich aus dem Gelb der Kolpingfamilie und dem Rot des Sportvereins.<\/p>\n<p>Ende der 60er Jahre gab es dann die ersten Tollit\u00e4ten. Zun\u00e4chst nur einen Prinzen mit seinen Adjutanten, sp\u00e4ter hatte man Dreigestirne und Prinzenpaare. Stolz war man, dass man nicht nur erwachsene Tollit\u00e4ten hatte, sondern auch Kindertollit\u00e4ten.<\/p>\n<p>Aus den G\u00f6nnern und Sponsoren wurde 1984 der Senat mit der Verleihung des ersten Senatsordens.<\/p>\n<p>Bis heute ist die Karnevalsgesellschaft ein wichtiger Bestandteil des Dorflebens von R\u00f6dingen, H\u00f6llen und Bettenhoven. Auch \u00fcber die Grenzen der Ortschaft werden Freundschaften mit anderen Karnevalsgesellschaften gepflegt.<\/p>\n<p>Die Gesellschaft ist stolz darauf seit Jahren mit Tanzgruppen, Solomariechen, Elferrrat, Senat und Mitgliedern das Brauchtum hochzuhalten. Ein jeder ist aufgefordert ein Teil dieses Vereins zu sein.<\/p>\n<p>Melden sie sich einfach bei einem unserer Vorstandsmitglieder.<\/p>\n<p>&nbsp;<\/p>\n<p>3 x Alaaf<\/p>\n","protected":false},"excerpt":{"rendered":"<p>Liebe Karnevalsfreunde, die Karnevalsgesellschaft Rot-Gold R\u00f6dingen-H\u00f6llen gr\u00fcndete sich im Jahr 1949 aus der Kolpingfamilie in R\u00f6dingen und dem Sportverein R\u00f6dingen-H\u00f6llen. Beide f\u00fchrten bis zu diesem Zeitpunkt eigene kleinere Veranstaltungen zu Karneval durch. 1949 beschloss man dies zum ersten Mal gemeinsam zu gestalten. Die Farben ergaben sich aus dem Gelb der Kolpingfamilie und dem Rot des [&hellip;]<\/p>\n","protected":false},"author":1,"featured_media":0,"parent":0,"menu_order":0,"comment_status":"closed","ping_status":"closed","template":"template-pagewithsidebar.php","meta":[],"_links":{"self":[{"href":"https:\/\/kgrotgold.de\/index.php?rest_route=\/wp\/v2\/pages\/8"}],"collection":[{"href":"https:\/\/kgrotgold.de\/index.php?rest_route=\/wp\/v2\/pages"}],"about":[{"href":"https:\/\/kgrotgold.de\/index.php?rest_route=\/wp\/v2\/types\/page"}],"author":[{"embeddable":true,"href":"https:\/\/kgrotgold.de\/index.php?rest_route=\/wp\/v2\/users\/1"}],"replies":[{"embeddable":true,"href":"https:\/\/kgrotgold.de\/index.php?rest_route=%2Fwp%2Fv2%2Fcomments&post=8"}],"version-history":[{"count":0,"href":"https:\/\/kgrotgold.de\/index.php?rest_route=\/wp\/v2\/pages\/8\/revisions"}],"wp:attachment":[{"href":"https:\/\/kgrotgold.de\/index.php?rest_route=%2Fwp%2Fv2%2Fmedia&parent=8"}],"curies":[{"name":"wp","href":"https:\/\/api.w.org\/{rel}","templated":true}]}}