{"id":450,"date":"2018-04-20T20:56:53","date_gmt":"2018-04-20T20:56:53","guid":{"rendered":"https:\/\/kgrotgold.de\/?page_id=450"},"modified":"2026-04-24T09:30:03","modified_gmt":"2026-04-24T09:30:03","slug":"vorstand","status":"publish","type":"page","link":"https:\/\/kgrotgold.de\/?page_id=450","title":{"rendered":"Vorstand"},"content":{"rendered":"\n<h2 class=\"has-text-align-center\"><span style=\"color: #ff0000;\">Karnevalsgesellschaft Rot Gold R\u00f6dingen-H\u00f6llen 1949 e.V.<\/span><\/h2>\n\n\n\n<div class=\"dp-highlighter\">&nbsp;<\/div>\n\n\n\n<p class=\"has-text-align-center\">Anschrift der Gesch\u00e4ftsstelle: KG Rot Gold R\u00f6dingen-H\u00f6llen R\u00f6merstr. 5, 52445 Titz &#8211; H\u00f6llen<\/p>\n\n\n\n<p class=\"has-text-align-center\">Post bitte immer an die Gesch\u00e4ftsstelle senden!<\/p>\n\n\n\n<p class=\"has-text-align-center\">Kontoverbindung:<br>Sparkasse D\u00fcren<br>IBAN: DE10 3955 0110 0004 0005 01<br>BIC: SDUEDE33XXX<br>Steuernummer: 213\/5751\/1553<\/p>\n\n\n\n<p class=\"has-text-align-center has-vivid-red-color has-text-color has-large-font-size\"><strong>\u00dcbersicht Vorstand und Senat<\/strong><\/p>\n\n\n\n<p><strong>*Gesch\u00e4ftsf\u00fchrender Vorstand<\/strong> <strong>nach \u00a7 26 BGB<\/strong><\/p>\n\n\n\n<figure class=\"wp-block-table\"><table class=\"has-fixed-layout\"><tbody><tr><td><strong>Amt<\/strong><\/td><td><strong>Name<\/strong><\/td><\/tr><tr><td>Pr\u00e4sident<\/td><td>Bj\u00f6rn Leinesser<\/td><\/tr><tr><td>stellv. Pr\u00e4sident<\/td><td>Oliver Wirtz<\/td><\/tr><tr><td>1. Vorsitzender*<\/td><td>Oliver Wirtz<\/td><\/tr><tr><td>2. Vorsitzender<\/td><td>Ulrich Bongartz<\/td><\/tr><tr><td>1. Gesch\u00e4ftsf\u00fchrer*<\/td><td>Alex Pawlak<\/td><\/tr><tr><td>2. Gesch\u00e4ftsf\u00fchrer<\/td><td>Tobias Kie\u00dflich<\/td><\/tr><tr><td>1. Kassierer*<\/td><td>Marcel R\u00f6ber<\/td><\/tr><tr><td>2. Kassierer<\/td><td>Martin Keldenich<\/td><\/tr><\/tbody><\/table><\/figure>\n\n\n\n<p><\/p>\n\n\n\n<figure class=\"wp-block-image size-large is-resized\"><img decoding=\"async\" loading=\"lazy\" src=\"https:\/\/kgrotgold.de\/wp-content\/uploads\/2026\/04\/Bildschirmfoto-2026-04-24-um-10.38.10-1-1024x647.png\" alt=\"\" class=\"wp-image-2513\" width=\"517\" height=\"326\" srcset=\"https:\/\/kgrotgold.de\/wp-content\/uploads\/2026\/04\/Bildschirmfoto-2026-04-24-um-10.38.10-1-1024x647.png 1024w, https:\/\/kgrotgold.de\/wp-content\/uploads\/2026\/04\/Bildschirmfoto-2026-04-24-um-10.38.10-1-300x190.png 300w, https:\/\/kgrotgold.de\/wp-content\/uploads\/2026\/04\/Bildschirmfoto-2026-04-24-um-10.38.10-1-768x485.png 768w, https:\/\/kgrotgold.de\/wp-content\/uploads\/2026\/04\/Bildschirmfoto-2026-04-24-um-10.38.10-1-1536x971.png 1536w, https:\/\/kgrotgold.de\/wp-content\/uploads\/2026\/04\/Bildschirmfoto-2026-04-24-um-10.38.10-1-2048x1294.png 2048w\" sizes=\"(max-width: 517px) 100vw, 517px\" \/><\/figure>\n\n\n\n<p><\/p>\n\n\n\n<p><\/p>\n\n\n\n<p><strong>Erweiteter Vorstand:<\/strong><\/p>\n\n\n\n<figure class=\"wp-block-table\"><table class=\"has-fixed-layout\"><tbody><tr><td><strong>Amt<\/strong><\/td><td><strong>Name<\/strong><\/td><\/tr><tr><td>Beisitzer <\/td><td>J\u00f6rg Kie\u00dflich<\/td><\/tr><tr><td>Beisitzer \/ Zeugwart<\/td><td>Walter M\u00fclheims<\/td><\/tr><tr><td>Beisitzer \/ Zeltbau<\/td><td>Harald Scheidemacher<\/td><\/tr><tr><td>Beisitzer \/ Medienarbeit \/ Schriff\u00fchrung<\/td><td>Toni Schulz; Marcel R\u00f6ber; Vanessa Winkels<\/td><\/tr><tr><td>Kinderkarneval<\/td><td>Vanessa Winkels<\/td><\/tr><\/tbody><\/table><\/figure>\n\n\n\n<p><\/p>\n\n\n\n<p><strong>Senat:<\/strong><\/p>\n\n\n\n<figure class=\"wp-block-table\"><table class=\"has-fixed-layout\"><tbody><tr><td><strong>Amt<\/strong><\/td><td><strong>Name<\/strong><\/td><\/tr><tr><td>Senatspr\u00e4sident<\/td><td>Fred Sch\u00fcller<\/td><\/tr><tr><td>1. stellv. Senatspr\u00e4sident<\/td><td>Harald Scheidemacher<\/td><\/tr><tr><td>2. stellv. Senatspr\u00e4sident<\/td><td>Heinrich Dinslaken<\/td><\/tr><\/tbody><\/table><\/figure>\n\n\n\n<p><\/p>\n\n\n\n<p><\/p>\n\n\n","protected":false},"excerpt":{"rendered":"<p>Karnevalsgesellschaft Rot Gold R\u00f6dingen-H\u00f6llen 1949 e.V. &nbsp; Anschrift der Gesch\u00e4ftsstelle: KG Rot Gold R\u00f6dingen-H\u00f6llen R\u00f6merstr. 5, 52445 Titz &#8211; H\u00f6llen Post bitte immer an die Gesch\u00e4ftsstelle senden! Kontoverbindung:Sparkasse D\u00fcrenIBAN: DE10 3955 0110 0004 0005 01BIC: SDUEDE33XXXSteuernummer: 213\/5751\/1553 \u00dcbersicht Vorstand und Senat *Gesch\u00e4ftsf\u00fchrender Vorstand nach \u00a7 26 BGB Erweiteter Vorstand: Amt Name Beisitzer J\u00f6rg Kie\u00dflich Beisitzer [&hellip;]<\/p>\n","protected":false},"author":3,"featured_media":0,"parent":0,"menu_order":0,"comment_status":"closed","ping_status":"closed","template":"","meta":[],"_links":{"self":[{"href":"https:\/\/kgrotgold.de\/index.php?rest_route=\/wp\/v2\/pages\/450"}],"collection":[{"href":"https:\/\/kgrotgold.de\/index.php?rest_route=\/wp\/v2\/pages"}],"about":[{"href":"https:\/\/kgrotgold.de\/index.php?rest_route=\/wp\/v2\/types\/page"}],"author":[{"embeddable":true,"href":"https:\/\/kgrotgold.de\/index.php?rest_route=\/wp\/v2\/users\/3"}],"replies":[{"embeddable":true,"href":"https:\/\/kgrotgold.de\/index.php?rest_route=%2Fwp%2Fv2%2Fcomments&post=450"}],"version-history":[{"count":44,"href":"https:\/\/kgrotgold.de\/index.php?rest_route=\/wp\/v2\/pages\/450\/revisions"}],"predecessor-version":[{"id":2519,"href":"https:\/\/kgrotgold.de\/index.php?rest_route=\/wp\/v2\/pages\/450\/revisions\/2519"}],"wp:attachment":[{"href":"https:\/\/kgrotgold.de\/index.php?rest_route=%2Fwp%2Fv2%2Fmedia&parent=450"}],"curies":[{"name":"wp","href":"https:\/\/api.w.org\/{rel}","templated":true}]}}