{"id":411,"date":"2017-12-19T02:19:08","date_gmt":"2017-12-19T02:19:08","guid":{"rendered":"https:\/\/kgrotgold.de\/?page_id=411"},"modified":"2026-01-10T01:05:57","modified_gmt":"2026-01-10T01:05:57","slug":"kg-op-joeck-3","status":"publish","type":"page","link":"https:\/\/kgrotgold.de\/?page_id=411","title":{"rendered":"KG op J\u00f6ck"},"content":{"rendered":"\n<p class=\"has-text-align-center\"><strong>Hier k\u00f6nnt Ihr ersehen, an welchen Tagen die KG op J\u00f6ck ist zu Besuch ist bei&nbsp;befreundeten Vereinen. <\/strong><\/p>\n\n\n\n<h3><span style=\"color: #ff0000;\"><strong>!!!Diese Termine k\u00f6nnen sich noch verschieben!!!<\/strong><\/span><\/h3>\n\n\n\n<h2><strong>!Immer wieder mal reinschauen!<\/strong><\/h2>\n\n\n\n<p class=\"has-text-align-center\"><span style=\"color: #800080;\"><strong>Treffen in und vor der Gastt\u00e4tte &#8220;Krumme Eiche&#8221;<\/strong><\/span><\/p>\n\n\n\n<p class=\"has-text-align-center\">Termine, wo noch keine Treffpunktzeiten aufgef\u00fchrt sind werden noch kurzfristig nachgereicht.<\/p>\n\n\n\n<p class=\"has-text-align-center\">Weiter Infos gibt es nat\u00fcrlich auch per Whats App.<\/p>\n\n\n\n<figure class=\"wp-block-table\"><table><tbody><tr><td> <h2 style=\"text-align: center;\"><strong>KG<span style=\"color: #ff0000;\"> Rot<\/span> <span style=\"color: #ffcc00;\">Gold<\/span> op J\u00f6ck in der Session 2025 \/ 2026<\/strong><\/h2> <\/td><\/tr><\/tbody><\/table><\/figure>\n\n\n\n<figure class=\"wp-block-table is-style-regular has-small-font-size\"><table class=\"has-black-color has-white-background-color has-text-color has-background\"><tbody><tr><td>Tag<\/td><td>Datum<\/td><td>Uhrzeit Treffen<\/td><td>Uhrzeit Auftritt<\/td><td>Veranstaltung<\/td><td>Verein<\/td><td>Or<strong>t<\/strong><\/td><td>Bus<\/td><td>Privat<\/td><td class=\"has-text-align-center\" data-align=\"center\">Abordnung Uniformierte<\/td><td>Tangruppen<\/td><td class=\"has-text-align-center\" data-align=\"center\">Anmerkungen<\/td><\/tr><tr><td>Samstag<\/td><td>10.01.26<\/td><td><\/td><td>13:00<\/td><td>Traditionelles Funkenbiwak<\/td><td>KG Fidelio Elsdorf<\/td><td>Stadthalle Elsdorf<\/td><td><\/td><td><\/td><td class=\"has-text-align-center\" data-align=\"center\"><\/td><td><\/td><td class=\"has-text-align-center\" data-align=\"center\"><\/td><\/tr><tr><td>Sonntag<\/td><td>11.01.26<\/td><td><\/td><td>11:15<\/td><td>Fr\u00fchschoppen<\/td><td>Mir hahle Poohl<\/td><td>Golzheim<\/td><td>x<\/td><td><\/td><td class=\"has-text-align-center\" data-align=\"center\">x<\/td><td>x<\/td><td class=\"has-text-align-center\" data-align=\"center\"><\/td><\/tr><tr><td>Sonntag<\/td><td>11.01.26<\/td><td><\/td><td>13:30<\/td><td>Biwak<\/td><td>KG Echte Fr\u00f6ngde <\/td><td>Lamersdorf<\/td><td><\/td><td><\/td><td class=\"has-text-align-center\" data-align=\"center\"><\/td><td><\/td><td class=\"has-text-align-center\" data-align=\"center\"><\/td><\/tr><tr><td>Sonntag<\/td><td>11.01.26<\/td><td><\/td><td><\/td><td>Prinzentreffen<\/td><td>IG Siersdorf<\/td><td>Siersdorf<\/td><td>x<\/td><td><\/td><td class=\"has-text-align-center\" data-align=\"center\">x<\/td><td>x<\/td><td class=\"has-text-align-center\" data-align=\"center\"><\/td><\/tr><tr><td>Freitag<\/td><td>16.01.26<\/td><td>17:00<\/td><td>18:00<\/td><td>Festkommerz 55+5<\/td><td>Selgersdorf<\/td><td><\/td><td><\/td><td>x<\/td><td class=\"has-text-align-center\" data-align=\"center\">x<\/td><td><\/td><td class=\"has-text-align-center\" data-align=\"center\"><\/td><\/tr><tr><td>Freitag<\/td><td>16.01.26<\/td><td>19:00<\/td><td>19:30<\/td><td>80\u00b4s \/ 90\u00b4s Party<\/td><td>KG GV Frohsinn<\/td><td>Opherten<\/td><td><\/td><td>x<\/td><td class=\"has-text-align-center\" data-align=\"center\"><\/td><td><\/td><td class=\"has-text-align-center\" data-align=\"center\">Eintritt 5\u20ac<\/td><\/tr><tr><td>Samstag<\/td><td>17.01.26<\/td><td>17:00<\/td><td>18:11<\/td><td>Kost\u00fcmsitzung<\/td><td>KG GV Frohsinn<\/td><td>Opherten<\/td><td><\/td><td>x<\/td><td class=\"has-text-align-center\" data-align=\"center\">x<\/td><td><\/td><td class=\"has-text-align-center\" data-align=\"center\">Karten erforderlich 26\u20ac<\/td><\/tr><tr><td>Sonntag<\/td><td>18.01.26<\/td><td>10:00<\/td><td>11:30<\/td><td>Strohmanustaufe<\/td><td>KG Strohm\u00e4nner<\/td><td>Selgersdorf<\/td><td>x<\/td><td><\/td><td class=\"has-text-align-center\" data-align=\"center\">x<\/td><td>x<\/td><td class=\"has-text-align-center\" data-align=\"center\"><\/td><\/tr><tr><td>Sonntag<\/td><td>18.01.26<\/td><td><\/td><td>13:55<\/td><td>Gardetreff<\/td><td>Prinzengarde Bardenberg<\/td><td>Mehrzweckhalle Grundschule Bardenberg<\/td><td>x<\/td><td><\/td><td class=\"has-text-align-center\" data-align=\"center\">x<\/td><td>x<\/td><td class=\"has-text-align-center\" data-align=\"center\"><\/td><\/tr><tr><td>Sonntag<\/td><td>18.01.26<\/td><td><\/td><td><\/td><td>karnevalistischer Fr\u00fchschoppen<\/td><td>KG Thorr<\/td><td>Sch\u00fctzenhaus Paffendorf<\/td><td>x<\/td><td><\/td><td class=\"has-text-align-center\" data-align=\"center\">x<\/td><td><\/td><td class=\"has-text-align-center\" data-align=\"center\"><\/td><\/tr><tr><td>Freitag<\/td><td>23.01.26<\/td><td><\/td><td>19:00<\/td><td>D\u00e4mmerschoppen<\/td><td>Schnapsk\u00e4nnch. G\u00fcsten<\/td><td>G\u00fcsten<\/td><td><\/td><td>x<\/td><td class=\"has-text-align-center\" data-align=\"center\">x<\/td><td>x<\/td><td class=\"has-text-align-center\" data-align=\"center\"><\/td><\/tr><tr><td>Sonntag<\/td><td>25.01.26<\/td><td><\/td><td>12:20<\/td><td>Biwak<\/td><td>Kluet un Rekelieser<\/td><td>Oberembt<\/td><td><\/td><td>x<\/td><td class=\"has-text-align-center\" data-align=\"center\">x<\/td><td>x<\/td><td class=\"has-text-align-center\" data-align=\"center\"><\/td><\/tr><tr><td>Sonntag<\/td><td>25.01.26<\/td><td><\/td><td><\/td><td>Biwak KG Ulk<\/td><td>KG Ulk Selgersdorf<\/td><td>Selgersdorf<\/td><td>x<\/td><td><\/td><td class=\"has-text-align-center\" data-align=\"center\"><\/td><td><\/td><td class=\"has-text-align-center\" data-align=\"center\"><\/td><\/tr><tr><td>Sonntag<\/td><td>25.01.26<\/td><td><\/td><td><\/td><td>Biwak Tetz<\/td><td>KG Fidele Br\u00fcder Tetz<\/td><td>Tetz<\/td><td>x<\/td><td><\/td><td class=\"has-text-align-center\" data-align=\"center\"><\/td><td><\/td><td class=\"has-text-align-center\" data-align=\"center\"><\/td><\/tr><tr><td>Freitag<\/td><td>30.01.26<\/td><td>18:30<\/td><td>19:00<\/td><td>Mooswieftaufe<\/td><td>Schlemm\u00e4nnch.<\/td><td>D\u00fcrboslar<\/td><td>x<\/td><td><\/td><td class=\"has-text-align-center\" data-align=\"center\">x<\/td><td>x<\/td><td class=\"has-text-align-center\" data-align=\"center\"><\/td><\/tr><tr><td>Samstag<\/td><td>31.01.26<\/td><td>15:00<\/td><td>17:00<\/td><td>Jeck in J\u00fclich<\/td><td>KG Ulk Selgersdorf<\/td><td>Selgersdorf<\/td><td><\/td><td><\/td><td class=\"has-text-align-center\" data-align=\"center\"><\/td><td><\/td><td class=\"has-text-align-center\" data-align=\"center\">Karten erforderlich 39\u20ac<\/td><\/tr><tr><td><\/td><td><\/td><td><\/td><td><\/td><td><\/td><td><\/td><td><\/td><td><\/td><td><\/td><td class=\"has-text-align-center\" data-align=\"center\"><\/td><td><\/td><td class=\"has-text-align-center\" data-align=\"center\"><\/td><\/tr><tr><td>Sonntag<\/td><td>01.02.26<\/td><td><\/td><td><\/td><td>Herrensitzung<\/td><td>IG Titzer Karneval<\/td><td>Titz<\/td><td><\/td><td><\/td><td class=\"has-text-align-center\" data-align=\"center\"><\/td><td><\/td><td class=\"has-text-align-center\" data-align=\"center\"><\/td><\/tr><tr><td>Samstag<\/td><td>07.02.26<\/td><td><\/td><td><\/td><td>Zug<\/td><td>Vereinte Vereine Hasselsweiler<\/td><td>Hasselsweiler<\/td><td><\/td><td><\/td><td class=\"has-text-align-center\" data-align=\"center\"><\/td><td><\/td><td class=\"has-text-align-center\" data-align=\"center\"><\/td><\/tr><tr><td>Samstag<\/td><td>07.02.26<\/td><td><\/td><td><\/td><td>Middedrin Late Night Show<\/td><td>KG B\u00f6schremmele Hambach<\/td><td>Hambach<\/td><td><\/td><td><\/td><td class=\"has-text-align-center\" data-align=\"center\"><\/td><td><\/td><td class=\"has-text-align-center\" data-align=\"center\">Karten erforderlich<\/td><\/tr><tr><td>Sonntag<\/td><td>08.02.26<\/td><td>13:30<\/td><td>15:00<\/td><td>Nostalgiesitzung<\/td><td>KG Ulk Selgersdorf<\/td><td>Selgersdorf<\/td><td><\/td><td><\/td><td class=\"has-text-align-center\" data-align=\"center\"><\/td><td><\/td><td class=\"has-text-align-center\" data-align=\"center\">Karten erforderlich 29\u20ac<\/td><\/tr><tr><td>Mittwoch<\/td><td>11.02.26<\/td><td><\/td><td><\/td><td>N\u00e4rrischer Empfang<\/td><td>Kreis D\u00fcren<\/td><td>D\u00fcren<\/td><td><\/td><td><\/td><td class=\"has-text-align-center\" data-align=\"center\"><\/td><td><\/td><td class=\"has-text-align-center\" data-align=\"center\"><\/td><\/tr><tr><td>Donnerstag<\/td><td>12.02.26<\/td><td><\/td><td>08:00<\/td><td>gemeinsames Fr\u00fchst\u00fcck<\/td><td><\/td><td>R\u00f6ding. Carlo\u00b4s Kl\u00f6n Cafe<\/td><td><\/td><td><\/td><td class=\"has-text-align-center\" data-align=\"center\"><\/td><td><\/td><td class=\"has-text-align-center\" data-align=\"center\">Anmeldung erforderlich<\/td><\/tr><tr><td>Donnerstag<\/td><td>12.02.26<\/td><td><\/td><td>09:00<\/td><td>Besuch Kindergarten<\/td><td><\/td><td>R\u00f6dingen<\/td><td>x<\/td><td><\/td><td class=\"has-text-align-center\" data-align=\"center\"><\/td><td><\/td><td class=\"has-text-align-center\" data-align=\"center\"><\/td><\/tr><tr><td>Donnerstag<\/td><td>12.02.26<\/td><td><\/td><td>10:15<\/td><td>Rathausst\u00fcrmung intern<\/td><td><\/td><td>Rathaus Titz<\/td><td>x<\/td><td><\/td><td class=\"has-text-align-center\" data-align=\"center\"><\/td><td><\/td><td class=\"has-text-align-center\" data-align=\"center\"><\/td><\/tr><tr><td>Donnerstag<\/td><td>12.02.26<\/td><td><\/td><td>11:11<\/td><td>Rathausst\u00fcrmung<\/td><td><\/td><td>Zelt IG Titz<\/td><td>x<\/td><td><\/td><td class=\"has-text-align-center\" data-align=\"center\"><\/td><td><\/td><td class=\"has-text-align-center\" data-align=\"center\"><\/td><\/tr><tr><td>Donnerstag<\/td><td>12.02.26<\/td><td><\/td><td><\/td><td>Besuch Gastst\u00e4tte Krumme Eiche<\/td><td><\/td><td>R\u00f6dingen<\/td><td>x<\/td><td><\/td><td class=\"has-text-align-center\" data-align=\"center\"><\/td><td><\/td><td class=\"has-text-align-center\" data-align=\"center\"><\/td><\/tr><tr><td>Samstag<\/td><td>14.02.26<\/td><td><\/td><td><\/td><td>Nachtzug<\/td><td><\/td><td>M\u00fcntz<\/td><td><\/td><td><\/td><td class=\"has-text-align-center\" data-align=\"center\"><\/td><td><\/td><td class=\"has-text-align-center\" data-align=\"center\"><\/td><\/tr><tr><td>Sonntag<\/td><td>15.02.26<\/td><td><\/td><td><\/td><td>Tulpensonntagzug<\/td><td>IG Titzer Karneval<\/td><td>Titz<\/td><td><\/td><td><\/td><td class=\"has-text-align-center\" data-align=\"center\"><\/td><td><\/td><td class=\"has-text-align-center\" data-align=\"center\"><\/td><\/tr><tr><td>Montag<\/td><td>16.02.26<\/td><td><\/td><td><\/td><td>Rosenmontagszug<\/td><td>KG GV Frohsinn<\/td><td>Opherten<\/td><td><\/td><td><\/td><td class=\"has-text-align-center\" data-align=\"center\"><\/td><td><\/td><td class=\"has-text-align-center\" data-align=\"center\"><\/td><\/tr><\/tbody><\/table><\/figure>\n\n\n\n<ul>\n<li><\/li>\n<\/ul>\n\n\n\n<p><\/p>\n\n\n\n<p><\/p>\n","protected":false},"excerpt":{"rendered":"<p>Hier k\u00f6nnt Ihr ersehen, an welchen Tagen die KG op J\u00f6ck ist zu Besuch ist bei&nbsp;befreundeten Vereinen. !!!Diese Termine k\u00f6nnen sich noch verschieben!!! !Immer wieder mal reinschauen! Treffen in und vor der Gastt\u00e4tte &#8220;Krumme Eiche&#8221; Termine, wo noch keine Treffpunktzeiten aufgef\u00fchrt sind werden noch kurzfristig nachgereicht. Weiter Infos gibt es nat\u00fcrlich auch per Whats App. [&hellip;]<\/p>\n","protected":false},"author":3,"featured_media":0,"parent":0,"menu_order":0,"comment_status":"closed","ping_status":"closed","template":"","meta":[],"_links":{"self":[{"href":"https:\/\/kgrotgold.de\/index.php?rest_route=\/wp\/v2\/pages\/411"}],"collection":[{"href":"https:\/\/kgrotgold.de\/index.php?rest_route=\/wp\/v2\/pages"}],"about":[{"href":"https:\/\/kgrotgold.de\/index.php?rest_route=\/wp\/v2\/types\/page"}],"author":[{"embeddable":true,"href":"https:\/\/kgrotgold.de\/index.php?rest_route=\/wp\/v2\/users\/3"}],"replies":[{"embeddable":true,"href":"https:\/\/kgrotgold.de\/index.php?rest_route=%2Fwp%2Fv2%2Fcomments&post=411"}],"version-history":[{"count":74,"href":"https:\/\/kgrotgold.de\/index.php?rest_route=\/wp\/v2\/pages\/411\/revisions"}],"predecessor-version":[{"id":2445,"href":"https:\/\/kgrotgold.de\/index.php?rest_route=\/wp\/v2\/pages\/411\/revisions\/2445"}],"wp:attachment":[{"href":"https:\/\/kgrotgold.de\/index.php?rest_route=%2Fwp%2Fv2%2Fmedia&parent=411"}],"curies":[{"name":"wp","href":"https:\/\/api.w.org\/{rel}","templated":true}]}}